{"id":15504,"date":"2024-10-10T10:56:02","date_gmt":"2024-10-10T10:56:02","guid":{"rendered":"https:\/\/edelweisstraveldesigners.ch\/blog\/"},"modified":"2024-11-28T11:02:05","modified_gmt":"2024-11-28T11:02:05","slug":"blog","status":"publish","type":"page","link":"https:\/\/edelweisstraveldesigners.ch\/en\/blog\/","title":{"rendered":"Blog"},"content":{"rendered":"\t\t<div data-elementor-type=\"wp-page\" data-elementor-id=\"15504\" class=\"elementor elementor-15504 elementor-15490\" data-elementor-settings=\"{&quot;ha_cmc_init_switcher&quot;:&quot;no&quot;}\" data-elementor-post-type=\"page\">\n\t\t\t\t<div class=\"elementor-element elementor-element-b30d4f1 e-flex e-con-boxed e-con e-parent\" data-id=\"b30d4f1\" data-element_type=\"container\" data-e-type=\"container\" data-settings=\"{&quot;background_background&quot;:&quot;classic&quot;,&quot;_ha_eqh_enable&quot;:false}\">\n\t\t\t\t\t<div class=\"e-con-inner\">\n\t\t\t\t<div class=\"elementor-element elementor-element-0ba853e elementor-headline--style-rotate elementor-invisible elementor-widget elementor-widget-animated-headline\" data-id=\"0ba853e\" data-element_type=\"widget\" data-e-type=\"widget\" data-settings=\"{&quot;headline_style&quot;:&quot;rotate&quot;,&quot;animation_type&quot;:&quot;blinds&quot;,&quot;_animation&quot;:&quot;slideInLeft&quot;,&quot;loop&quot;:&quot;yes&quot;,&quot;rotate_iteration_delay&quot;:2500}\" data-widget_type=\"animated-headline.default\">\n\t\t\t\t<div class=\"elementor-widget-container\">\n\t\t\t\t\t\t\t<h3 class=\"elementor-headline elementor-headline-animation-type-blinds elementor-headline-letters\">\n\t\t\t\t\t<span class=\"elementor-headline-plain-text elementor-headline-text-wrapper\">Blog<\/span>\n\t\t\t\t<span class=\"elementor-headline-dynamic-wrapper elementor-headline-text-wrapper\">\n\t\t\t\t<\/span>\n\t\t\t\t<\/h3>\n\t\t\t\t\t\t<\/div>\n\t\t\t\t<\/div>\n\t\t\t\t<div class=\"elementor-element elementor-element-b6b6161 elementor-widget-divider--view-line elementor-widget elementor-widget-divider\" data-id=\"b6b6161\" data-element_type=\"widget\" data-e-type=\"widget\" data-widget_type=\"divider.default\">\n\t\t\t\t<div class=\"elementor-widget-container\">\n\t\t\t\t\t\t\t<div class=\"elementor-divider\">\n\t\t\t<span class=\"elementor-divider-separator\">\n\t\t\t\t\t\t<\/span>\n\t\t<\/div>\n\t\t\t\t\t\t<\/div>\n\t\t\t\t<\/div>\n\t\t\t\t<div class=\"elementor-element elementor-element-369fcb1 elementor-widget elementor-widget-spacer\" data-id=\"369fcb1\" data-element_type=\"widget\" data-e-type=\"widget\" data-widget_type=\"spacer.default\">\n\t\t\t\t<div class=\"elementor-widget-container\">\n\t\t\t\t\t\t\t<div class=\"elementor-spacer\">\n\t\t\t<div class=\"elementor-spacer-inner\"><\/div>\n\t\t<\/div>\n\t\t\t\t\t\t<\/div>\n\t\t\t\t<\/div>\n\t\t\t\t<div class=\"elementor-element elementor-element-046a97f elementor-grid-eael-col-3 elementor-grid-tablet-eael-col-2 elementor-grid-mobile-eael-col-1 elementor-widget elementor-widget-eael-post-grid\" data-id=\"046a97f\" data-element_type=\"widget\" data-e-type=\"widget\" data-settings=\"{&quot;eael_post_grid_columns&quot;:&quot;eael-col-3&quot;,&quot;eael_post_grid_columns_tablet&quot;:&quot;eael-col-2&quot;,&quot;eael_post_grid_columns_mobile&quot;:&quot;eael-col-1&quot;}\" data-widget_type=\"eael-post-grid.default\">\n\t\t\t\t<div class=\"elementor-widget-container\">\n\t\t\t\t\t<div id=\"eael-post-grid-046a97f\" class=\"eael-post-grid-container\">\n            <div class=\"eael-post-grid eael-post-appender eael-post-appender-046a97f eael-post-grid-style-three\" data-layout-mode=\"grid\"><article class=\"eael-grid-post  eael-post-grid-column eael-pg-post-15470 category-blog-blog-en-2\" data-id=\"15470\">\n        <div class=\"eael-grid-post-holder\">\n            <div class=\"eael-grid-post-holder-inner\"><div class=\"eael-entry-media\"><ul class=\"post-carousel-categories\"><li><a href=\"https:\/\/edelweisstraveldesigners.ch\/Categorie\/blog\/\">Blog<\/a><\/li><\/ul><div class=\"eael-entry-overlay fade-in\"><i class=\"\" aria-hidden=\"true\"><\/i><a href=\"https:\/\/edelweisstraveldesigners.ch\/en\/mental-health-support\/\"><\/a><\/div><div class=\"eael-entry-thumbnail \">\n                 <img fetchpriority=\"high\" decoding=\"async\" width=\"600\" height=\"551\" src=\"https:\/\/edelweisstraveldesigners.ch\/wp-content\/uploads\/2024\/10\/pour-laccompagnement-en-sante-mentale-1-600x551.webp\" class=\"attachment-ocean-thumb-m size-ocean-thumb-m wp-image-15880\" alt=\"Th\u00e9rapeute accompagnant une personne dans un environnement chaleureux, symbolisant le soutien en sant\u00e9 mentale.\" \/>\n             <\/div>\n        <\/div><div class=\"eael-entry-wrapper\"><header class=\"eael-entry-header\"><h2 class=\"eael-entry-title\"><a class=\"eael-grid-post-link\" href=\"https:\/\/edelweisstraveldesigners.ch\/en\/mental-health-support\/\" title=\"Mental Health Support\">Mental Health Support<\/a><\/h2><\/header><div class=\"eael-entry-content\">\n                        <div class=\"eael-grid-post-excerpt\"><p>How a Stay with Edelweiss Travel...<\/p><a href=\"https:\/\/edelweisstraveldesigners.ch\/en\/mental-health-support\/\" class=\"eael-post-elements-readmore-btn\">Explore<\/a><\/div>\n                    <\/div><\/div><\/div>\n        <\/div>\n    <\/article><article class=\"eael-grid-post  eael-post-grid-column eael-pg-post-15475 category-blog-en-2\" data-id=\"15475\">\n        <div class=\"eael-grid-post-holder\">\n            <div class=\"eael-grid-post-holder-inner\"><div class=\"eael-entry-media\"><ul class=\"post-carousel-categories\"><li><a href=\"https:\/\/edelweisstraveldesigners.ch\/en\/category\/blog-en-2\/\">Blog<\/a><\/li><\/ul><div class=\"eael-entry-overlay fade-in\"><i class=\"\" aria-hidden=\"true\"><\/i><a href=\"https:\/\/edelweisstraveldesigners.ch\/en\/personal-development\/\"><\/a><\/div><div class=\"eael-entry-thumbnail \">\n                 <img decoding=\"async\" width=\"600\" height=\"600\" src=\"https:\/\/edelweisstraveldesigners.ch\/wp-content\/uploads\/2024\/10\/development-600x600.webp\" class=\"attachment-ocean-thumb-m size-ocean-thumb-m wp-image-15884\" alt=\"Un concept visuel repr\u00e9sentant la croissance et le d\u00e9veloppement, avec des \u00e9l\u00e9ments symboliques comme des fl\u00e8ches et des feuilles.\" srcset=\"https:\/\/edelweisstraveldesigners.ch\/wp-content\/uploads\/2024\/10\/development-600x600.webp 600w, https:\/\/edelweisstraveldesigners.ch\/wp-content\/uploads\/2024\/10\/development-150x150.webp 150w\" sizes=\"(max-width: 600px) 100vw, 600px\" \/>\n             <\/div>\n        <\/div><div class=\"eael-entry-wrapper\"><header class=\"eael-entry-header\"><h2 class=\"eael-entry-title\"><a class=\"eael-grid-post-link\" href=\"https:\/\/edelweisstraveldesigners.ch\/en\/personal-development\/\" title=\"Personal Development\">Personal Development<\/a><\/h2><\/header><div class=\"eael-entry-content\">\n                        <div class=\"eael-grid-post-excerpt\"><p>How a Stay with Edelweiss Travel...<\/p><a href=\"https:\/\/edelweisstraveldesigners.ch\/en\/personal-development\/\" class=\"eael-post-elements-readmore-btn\">Explore<\/a><\/div>\n                    <\/div><\/div><\/div>\n        <\/div>\n    <\/article><article class=\"eael-grid-post  eael-post-grid-column eael-pg-post-15480 category-blog-en-2\" data-id=\"15480\">\n        <div class=\"eael-grid-post-holder\">\n            <div class=\"eael-grid-post-holder-inner\"><div class=\"eael-entry-media\"><ul class=\"post-carousel-categories\"><li><a href=\"https:\/\/edelweisstraveldesigners.ch\/en\/category\/blog-en-2\/\">Blog<\/a><\/li><\/ul><div class=\"eael-entry-overlay fade-in\"><i class=\"\" aria-hidden=\"true\"><\/i><a href=\"https:\/\/edelweisstraveldesigners.ch\/en\/the-exclusive-services-of-edelweiss-travel-designers\/\"><\/a><\/div><div class=\"eael-entry-thumbnail \">\n                 <img decoding=\"async\" width=\"600\" height=\"600\" src=\"https:\/\/edelweisstraveldesigners.ch\/wp-content\/uploads\/2024\/10\/travel-agency-services-600x600.webp\" class=\"attachment-ocean-thumb-m size-ocean-thumb-m wp-image-15452\" alt=\"Personalized travel agency services for luxury stays and tailor-made experiences\" srcset=\"https:\/\/edelweisstraveldesigners.ch\/wp-content\/uploads\/2024\/10\/travel-agency-services-600x600.webp 600w, https:\/\/edelweisstraveldesigners.ch\/wp-content\/uploads\/2024\/10\/travel-agency-services-150x150.webp 150w\" sizes=\"(max-width: 600px) 100vw, 600px\" \/>\n             <\/div>\n        <\/div><div class=\"eael-entry-wrapper\"><header class=\"eael-entry-header\"><h2 class=\"eael-entry-title\"><a class=\"eael-grid-post-link\" href=\"https:\/\/edelweisstraveldesigners.ch\/en\/the-exclusive-services-of-edelweiss-travel-designers\/\" title=\"The Exclusive Services of Edelweiss Travel Designers\">The Exclusive Services of Edelweiss Travel Designers<\/a><\/h2><\/header><div class=\"eael-entry-content\">\n                        <div class=\"eael-grid-post-excerpt\"><p>Why Our Stays Are A Unique...<\/p><a href=\"https:\/\/edelweisstraveldesigners.ch\/en\/the-exclusive-services-of-edelweiss-travel-designers\/\" class=\"eael-post-elements-readmore-btn\">Explore<\/a><\/div>\n                    <\/div><\/div><\/div>\n        <\/div>\n    <\/article><\/div>\n            <div class=\"clearfix\"><\/div>\n        <\/div>            <div class=\"eael-load-more-button-wrap\">\n                <button class=\"eael-load-more-button\" id=\"eael-load-more-btn-046a97f\" data-widget-id=\"046a97f\" data-widget=\"046a97f\" data-page-id=\"15504\" data-template=\"{&quot;dir&quot;:&quot;lite&quot;,&quot;file_name&quot;:&quot;three.php&quot;,&quot;name&quot;:&quot;Post-Grid&quot;}\" data-class=\"Essential_Addons_Elementor\\Elements\\Post_Grid\" data-layout=\"grid\" data-page=\"1\" data-args=\"orderby=date&amp;order=desc&amp;ignore_sticky_posts=0&amp;post_status=publish&amp;posts_per_page=3&amp;offset=0&amp;post_type=post&amp;tax_query%5B0%5D%5Btaxonomy%5D=category&amp;tax_query%5B0%5D%5Bfield%5D=term_id&amp;tax_query%5B0%5D%5Bterms%5D%5B0%5D=37&amp;tax_query%5Brelation%5D=AND\" data-max-page=\"5\">\n                    <span class=\"eael-btn-loader button__loader\"><\/span>\n                    <span class=\"eael_load_more_text\">Load More<\/span>\n                <\/button>\n            <\/div>\n            \t\t\t\t<\/div>\n\t\t\t\t<\/div>\n\t\t\t\t<div class=\"elementor-element elementor-element-650367b elementor-widget elementor-widget-spacer\" data-id=\"650367b\" data-element_type=\"widget\" data-e-type=\"widget\" data-widget_type=\"spacer.default\">\n\t\t\t\t<div class=\"elementor-widget-container\">\n\t\t\t\t\t\t\t<div class=\"elementor-spacer\">\n\t\t\t<div class=\"elementor-spacer-inner\"><\/div>\n\t\t<\/div>\n\t\t\t\t\t\t<\/div>\n\t\t\t\t<\/div>\n\t\t\t\t\t<\/div>\n\t\t\t\t<\/div>\n\t\t\t\t<\/div>\n\t\t","protected":false},"excerpt":{"rendered":"<p>Blog Blog Mental Health Support How a Stay with Edelweiss Travel&#8230; Explore Blog Personal Development How a Stay with Edelweiss Travel&#8230; Explore Blog The Exclusive Services of Edelweiss Travel Designers Why Our Stays Are A Unique&#8230; Explore Load More<\/p>\n","protected":false},"author":1,"featured_media":0,"parent":0,"menu_order":0,"comment_status":"closed","ping_status":"closed","template":"","meta":{"footnotes":""},"class_list":["post-15504","page","type-page","status-publish","hentry","entry","has-media"],"yoast_head":"<!-- This site is optimized with the Yoast SEO plugin v26.9 - https:\/\/yoast.com\/product\/yoast-seo-wordpress\/ -->\n<title>Blog - Edelweiss Travel Designers<\/title>\n<meta name=\"robots\" content=\"index, follow, max-snippet:-1, max-image-preview:large, max-video-preview:-1\" \/>\n<link rel=\"canonical\" href=\"https:\/\/edelweisstraveldesigners.ch\/en\/blog\/\" \/>\n<meta property=\"og:locale\" content=\"en_US\" \/>\n<meta property=\"og:type\" content=\"article\" \/>\n<meta property=\"og:title\" content=\"Blog - Edelweiss Travel Designers\" \/>\n<meta property=\"og:description\" content=\"Blog Blog Mental Health Support How a Stay with Edelweiss Travel&#8230; Explore Blog Personal Development How a Stay with Edelweiss Travel&#8230; Explore Blog The Exclusive Services of Edelweiss Travel Designers Why Our Stays Are A Unique&#8230; Explore Load More\" \/>\n<meta property=\"og:url\" content=\"https:\/\/edelweisstraveldesigners.ch\/en\/blog\/\" \/>\n<meta property=\"og:site_name\" content=\"Edelweiss Travel Designers\" \/>\n<meta property=\"article:publisher\" content=\"https:\/\/www.facebook.com\/profile.php?id=61560251574590\" \/>\n<meta property=\"article:modified_time\" content=\"2024-11-28T11:02:05+00:00\" \/>\n<meta property=\"og:image\" content=\"https:\/\/edelweisstraveldesigners.ch\/wp-content\/uploads\/2024\/10\/pour-laccompagnement-en-sante-mentale-1.webp\" \/>\n\t<meta property=\"og:image:width\" content=\"1343\" \/>\n\t<meta property=\"og:image:height\" content=\"551\" \/>\n\t<meta property=\"og:image:type\" content=\"image\/webp\" \/>\n<meta name=\"twitter:card\" content=\"summary_large_image\" \/>\n<meta name=\"twitter:label1\" content=\"Est. reading time\" \/>\n\t<meta name=\"twitter:data1\" content=\"2 minutes\" \/>\n<script type=\"application\/ld+json\" class=\"yoast-schema-graph\">{\"@context\":\"https:\/\/schema.org\",\"@graph\":[{\"@type\":\"WebPage\",\"@id\":\"https:\/\/edelweisstraveldesigners.ch\/en\/blog\/\",\"url\":\"https:\/\/edelweisstraveldesigners.ch\/en\/blog\/\",\"name\":\"Blog - Edelweiss Travel Designers\",\"isPartOf\":{\"@id\":\"https:\/\/edelweisstraveldesigners.ch\/en\/#website\"},\"primaryImageOfPage\":{\"@id\":\"https:\/\/edelweisstraveldesigners.ch\/en\/blog\/#primaryimage\"},\"image\":{\"@id\":\"https:\/\/edelweisstraveldesigners.ch\/en\/blog\/#primaryimage\"},\"thumbnailUrl\":\"https:\/\/edelweisstraveldesigners.ch\/wp-content\/uploads\/2024\/10\/pour-laccompagnement-en-sante-mentale-1-600x551.webp\",\"datePublished\":\"2024-10-10T10:56:02+00:00\",\"dateModified\":\"2024-11-28T11:02:05+00:00\",\"breadcrumb\":{\"@id\":\"https:\/\/edelweisstraveldesigners.ch\/en\/blog\/#breadcrumb\"},\"inLanguage\":\"en-US\",\"potentialAction\":[{\"@type\":\"ReadAction\",\"target\":[\"https:\/\/edelweisstraveldesigners.ch\/en\/blog\/\"]}]},{\"@type\":\"ImageObject\",\"inLanguage\":\"en-US\",\"@id\":\"https:\/\/edelweisstraveldesigners.ch\/en\/blog\/#primaryimage\",\"url\":\"https:\/\/edelweisstraveldesigners.ch\/wp-content\/uploads\/2024\/10\/pour-laccompagnement-en-sante-mentale-1-600x551.webp\",\"contentUrl\":\"https:\/\/edelweisstraveldesigners.ch\/wp-content\/uploads\/2024\/10\/pour-laccompagnement-en-sante-mentale-1-600x551.webp\"},{\"@type\":\"BreadcrumbList\",\"@id\":\"https:\/\/edelweisstraveldesigners.ch\/en\/blog\/#breadcrumb\",\"itemListElement\":[{\"@type\":\"ListItem\",\"position\":1,\"name\":\"Accueil\",\"item\":\"https:\/\/edelweisstraveldesigners.ch\/en\/\"},{\"@type\":\"ListItem\",\"position\":2,\"name\":\"Blog\"}]},{\"@type\":\"WebSite\",\"@id\":\"https:\/\/edelweisstraveldesigners.ch\/en\/#website\",\"url\":\"https:\/\/edelweisstraveldesigners.ch\/en\/\",\"name\":\"Edelweiss Travel Designers\",\"description\":\"\",\"publisher\":{\"@id\":\"https:\/\/edelweisstraveldesigners.ch\/en\/#organization\"},\"potentialAction\":[{\"@type\":\"SearchAction\",\"target\":{\"@type\":\"EntryPoint\",\"urlTemplate\":\"https:\/\/edelweisstraveldesigners.ch\/en\/?s={search_term_string}\"},\"query-input\":{\"@type\":\"PropertyValueSpecification\",\"valueRequired\":true,\"valueName\":\"search_term_string\"}}],\"inLanguage\":\"en-US\"},{\"@type\":\"Organization\",\"@id\":\"https:\/\/edelweisstraveldesigners.ch\/en\/#organization\",\"name\":\"Edelweiss Travel Designers\",\"url\":\"https:\/\/edelweisstraveldesigners.ch\/en\/\",\"logo\":{\"@type\":\"ImageObject\",\"inLanguage\":\"en-US\",\"@id\":\"https:\/\/edelweisstraveldesigners.ch\/en\/#\/schema\/logo\/image\/\",\"url\":\"https:\/\/edelweisstraveldesigners.ch\/wp-content\/uploads\/2024\/05\/logo-icon.png\",\"contentUrl\":\"https:\/\/edelweisstraveldesigners.ch\/wp-content\/uploads\/2024\/05\/logo-icon.png\",\"width\":1500,\"height\":1500,\"caption\":\"Edelweiss Travel Designers\"},\"image\":{\"@id\":\"https:\/\/edelweisstraveldesigners.ch\/en\/#\/schema\/logo\/image\/\"},\"sameAs\":[\"https:\/\/www.facebook.com\/profile.php?id=61560251574590\"]}]}<\/script>\n<!-- \/ Yoast SEO plugin. -->","yoast_head_json":{"title":"Blog - Edelweiss Travel Designers","robots":{"index":"index","follow":"follow","max-snippet":"max-snippet:-1","max-image-preview":"max-image-preview:large","max-video-preview":"max-video-preview:-1"},"canonical":"https:\/\/edelweisstraveldesigners.ch\/en\/blog\/","og_locale":"en_US","og_type":"article","og_title":"Blog - Edelweiss Travel Designers","og_description":"Blog Blog Mental Health Support How a Stay with Edelweiss Travel&#8230; Explore Blog Personal Development How a Stay with Edelweiss Travel&#8230; Explore Blog The Exclusive Services of Edelweiss Travel Designers Why Our Stays Are A Unique&#8230; Explore Load More","og_url":"https:\/\/edelweisstraveldesigners.ch\/en\/blog\/","og_site_name":"Edelweiss Travel Designers","article_publisher":"https:\/\/www.facebook.com\/profile.php?id=61560251574590","article_modified_time":"2024-11-28T11:02:05+00:00","og_image":[{"width":1343,"height":551,"url":"https:\/\/edelweisstraveldesigners.ch\/wp-content\/uploads\/2024\/10\/pour-laccompagnement-en-sante-mentale-1.webp","type":"image\/webp"}],"twitter_card":"summary_large_image","twitter_misc":{"Est. reading time":"2 minutes"},"schema":{"@context":"https:\/\/schema.org","@graph":[{"@type":"WebPage","@id":"https:\/\/edelweisstraveldesigners.ch\/en\/blog\/","url":"https:\/\/edelweisstraveldesigners.ch\/en\/blog\/","name":"Blog - Edelweiss Travel Designers","isPartOf":{"@id":"https:\/\/edelweisstraveldesigners.ch\/en\/#website"},"primaryImageOfPage":{"@id":"https:\/\/edelweisstraveldesigners.ch\/en\/blog\/#primaryimage"},"image":{"@id":"https:\/\/edelweisstraveldesigners.ch\/en\/blog\/#primaryimage"},"thumbnailUrl":"https:\/\/edelweisstraveldesigners.ch\/wp-content\/uploads\/2024\/10\/pour-laccompagnement-en-sante-mentale-1-600x551.webp","datePublished":"2024-10-10T10:56:02+00:00","dateModified":"2024-11-28T11:02:05+00:00","breadcrumb":{"@id":"https:\/\/edelweisstraveldesigners.ch\/en\/blog\/#breadcrumb"},"inLanguage":"en-US","potentialAction":[{"@type":"ReadAction","target":["https:\/\/edelweisstraveldesigners.ch\/en\/blog\/"]}]},{"@type":"ImageObject","inLanguage":"en-US","@id":"https:\/\/edelweisstraveldesigners.ch\/en\/blog\/#primaryimage","url":"https:\/\/edelweisstraveldesigners.ch\/wp-content\/uploads\/2024\/10\/pour-laccompagnement-en-sante-mentale-1-600x551.webp","contentUrl":"https:\/\/edelweisstraveldesigners.ch\/wp-content\/uploads\/2024\/10\/pour-laccompagnement-en-sante-mentale-1-600x551.webp"},{"@type":"BreadcrumbList","@id":"https:\/\/edelweisstraveldesigners.ch\/en\/blog\/#breadcrumb","itemListElement":[{"@type":"ListItem","position":1,"name":"Accueil","item":"https:\/\/edelweisstraveldesigners.ch\/en\/"},{"@type":"ListItem","position":2,"name":"Blog"}]},{"@type":"WebSite","@id":"https:\/\/edelweisstraveldesigners.ch\/en\/#website","url":"https:\/\/edelweisstraveldesigners.ch\/en\/","name":"Edelweiss Travel Designers","description":"","publisher":{"@id":"https:\/\/edelweisstraveldesigners.ch\/en\/#organization"},"potentialAction":[{"@type":"SearchAction","target":{"@type":"EntryPoint","urlTemplate":"https:\/\/edelweisstraveldesigners.ch\/en\/?s={search_term_string}"},"query-input":{"@type":"PropertyValueSpecification","valueRequired":true,"valueName":"search_term_string"}}],"inLanguage":"en-US"},{"@type":"Organization","@id":"https:\/\/edelweisstraveldesigners.ch\/en\/#organization","name":"Edelweiss Travel Designers","url":"https:\/\/edelweisstraveldesigners.ch\/en\/","logo":{"@type":"ImageObject","inLanguage":"en-US","@id":"https:\/\/edelweisstraveldesigners.ch\/en\/#\/schema\/logo\/image\/","url":"https:\/\/edelweisstraveldesigners.ch\/wp-content\/uploads\/2024\/05\/logo-icon.png","contentUrl":"https:\/\/edelweisstraveldesigners.ch\/wp-content\/uploads\/2024\/05\/logo-icon.png","width":1500,"height":1500,"caption":"Edelweiss Travel Designers"},"image":{"@id":"https:\/\/edelweisstraveldesigners.ch\/en\/#\/schema\/logo\/image\/"},"sameAs":["https:\/\/www.facebook.com\/profile.php?id=61560251574590"]}]}},"_links":{"self":[{"href":"https:\/\/edelweisstraveldesigners.ch\/en\/wp-json\/wp\/v2\/pages\/15504","targetHints":{"allow":["GET"]}}],"collection":[{"href":"https:\/\/edelweisstraveldesigners.ch\/en\/wp-json\/wp\/v2\/pages"}],"about":[{"href":"https:\/\/edelweisstraveldesigners.ch\/en\/wp-json\/wp\/v2\/types\/page"}],"author":[{"embeddable":true,"href":"https:\/\/edelweisstraveldesigners.ch\/en\/wp-json\/wp\/v2\/users\/1"}],"replies":[{"embeddable":true,"href":"https:\/\/edelweisstraveldesigners.ch\/en\/wp-json\/wp\/v2\/comments?post=15504"}],"version-history":[{"count":16,"href":"https:\/\/edelweisstraveldesigners.ch\/en\/wp-json\/wp\/v2\/pages\/15504\/revisions"}],"predecessor-version":[{"id":16064,"href":"https:\/\/edelweisstraveldesigners.ch\/en\/wp-json\/wp\/v2\/pages\/15504\/revisions\/16064"}],"wp:attachment":[{"href":"https:\/\/edelweisstraveldesigners.ch\/en\/wp-json\/wp\/v2\/media?parent=15504"}],"curies":[{"name":"wp","href":"https:\/\/api.w.org\/{rel}","templated":true}]}}