{"id":8611,"date":"2024-03-11T14:52:14","date_gmt":"2024-03-11T14:52:14","guid":{"rendered":"http:\/\/edelweisstraveldesigners.ch\/terms-conditions\/"},"modified":"2024-05-27T14:04:20","modified_gmt":"2024-05-27T14:04:20","slug":"terms-conditions","status":"publish","type":"page","link":"https:\/\/edelweisstraveldesigners.ch\/en\/terms-conditions\/","title":{"rendered":"Terms &amp; Conditions"},"content":{"rendered":"\t\t<div data-elementor-type=\"wp-page\" data-elementor-id=\"8611\" class=\"elementor elementor-8611 elementor-3\" data-elementor-settings=\"{&quot;ha_cmc_init_switcher&quot;:&quot;no&quot;}\" data-elementor-post-type=\"page\">\n\t\t\t\t<div class=\"elementor-element elementor-element-ff4e1da e-flex e-con-boxed e-con e-parent\" data-id=\"ff4e1da\" data-element_type=\"container\" data-e-type=\"container\" data-settings=\"{&quot;background_background&quot;:&quot;classic&quot;,&quot;_ha_eqh_enable&quot;:false}\">\n\t\t\t\t\t<div class=\"e-con-inner\">\n\t\t<div class=\"elementor-element elementor-element-e62e9ab e-flex e-con-boxed e-con e-child\" data-id=\"e62e9ab\" data-element_type=\"container\" data-e-type=\"container\" data-settings=\"{&quot;_ha_eqh_enable&quot;:false}\">\n\t\t\t\t\t<div class=\"e-con-inner\">\n\t\t\t\t<div class=\"elementor-element elementor-element-1037101 animated-slow elementor-invisible elementor-widget elementor-widget-heading\" data-id=\"1037101\" data-element_type=\"widget\" data-e-type=\"widget\" data-settings=\"{&quot;_animation&quot;:&quot;zoomIn&quot;,&quot;_animation_delay&quot;:300}\" data-widget_type=\"heading.default\">\n\t\t\t\t<div class=\"elementor-widget-container\">\n\t\t\t\t\t<h1 class=\"elementor-heading-title elementor-size-default\">Terms &amp; Conditions\n<\/h1>\t\t\t\t<\/div>\n\t\t\t\t<\/div>\n\t\t\t\t\t<\/div>\n\t\t\t\t<\/div>\n\t\t\t\t\t<\/div>\n\t\t\t\t<\/div>\n\t\t<div class=\"elementor-element elementor-element-f31cb85 e-flex e-con-boxed e-con e-parent\" data-id=\"f31cb85\" data-element_type=\"container\" data-e-type=\"container\" data-settings=\"{&quot;_ha_eqh_enable&quot;:false}\">\n\t\t\t\t\t<div class=\"e-con-inner\">\n\t\t\t\t<div class=\"elementor-element elementor-element-16cb197 elementor-headline--style-rotate elementor-widget elementor-widget-animated-headline\" data-id=\"16cb197\" data-element_type=\"widget\" data-e-type=\"widget\" data-settings=\"{&quot;headline_style&quot;:&quot;rotate&quot;,&quot;animation_type&quot;:&quot;blinds&quot;,&quot;rotating_text&quot;:&quot;Hosting\\nHosting\\nHosting\\n&quot;,&quot;loop&quot;:&quot;yes&quot;}\" data-widget_type=\"animated-headline.default\">\n\t\t\t\t<div class=\"elementor-widget-container\">\n\t\t\t\t\t\t\t<h3 class=\"elementor-headline elementor-headline-animation-type-blinds elementor-headline-letters\">\n\t\t\t\t<span class=\"elementor-headline-dynamic-wrapper elementor-headline-text-wrapper\">\n\t\t\t\t\t<span class=\"elementor-headline-dynamic-text elementor-headline-text-active\">\n\t\t\t\tHosting\t\t\t<\/span>\n\t\t\t\t\t<span class=\"elementor-headline-dynamic-text\">\n\t\t\t\tHosting\t\t\t<\/span>\n\t\t\t\t\t<span class=\"elementor-headline-dynamic-text\">\n\t\t\t\tHosting\t\t\t<\/span>\n\t\t\t\t\t<span class=\"elementor-headline-dynamic-text\">\n\t\t\t\t\t\t\t<\/span>\n\t\t\t\t\t\t<\/span>\n\t\t\t\t<\/h3>\n\t\t\t\t\t\t<\/div>\n\t\t\t\t<\/div>\n\t\t\t\t<div class=\"elementor-element elementor-element-1b409ff elementor-widget elementor-widget-text-editor\" data-id=\"1b409ff\" data-element_type=\"widget\" data-e-type=\"widget\" data-widget_type=\"text-editor.default\">\n\t\t\t\t<div class=\"elementor-widget-container\">\n\t\t\t\t\t\t\t\t\t<div class=\"group w-full text-gray-800 dark:text-gray-100 border-b border-black\/10 dark:border-gray-900\/50 bg-gray-50 dark:bg-[#444654]\">\n<div class=\"flex p-4 gap-4 text-base md:gap-6 md:max-w-2xl lg:max-w-[38rem] xl:max-w-3xl md:py-6 lg:px-0 m-auto\">\n<div class=\"relative flex w-[calc(100%-50px)] flex-col gap-1 md:gap-3 lg:w-[calc(100%-115px)]\">\n<div class=\"flex flex-grow flex-col gap-3\">\n<div class=\"min-h-[20px] flex flex-col items-start gap-4 whitespace-pre-wrap break-words\">\n<div class=\"markdown prose w-full break-words dark:prose-invert light\">\n<p>Welcome to the Edelweisstraveldesigners website! In this article, we will provide you with important information about our services, policies and hosting.<\/p>\n<p>As a leading provider of web hosting and development solutions, <a href=\"https:\/\/tezdev.com\/\">TEZDEV <\/a> guarantees secure hosting of your site on our server at <a href=\"https:\/\/my.fastcomet.com\/clientarea.php\">FASTCOMET <\/a> INC. We also pride ourselves on our expertise in website design and development.<\/p>\n<\/div>\n<\/div>\n<\/div>\n<\/div>\n<\/div>\n<\/div>\n<p>Si vous avez des questions ou des demandes, n\u2019h\u00e9sitez pas \u00e0 nous contacter \u00e0 l\u2019adresse i<a href=\"mailto:info@tedev.com\" target=\"_new\">nfo@tedev.com.<\/a><\/p>\n\t\t\t\t\t\t\t\t<\/div>\n\t\t\t\t<\/div>\n\t\t\t\t\t<\/div>\n\t\t\t\t<\/div>\n\t\t<div class=\"elementor-element elementor-element-5d76bcc e-flex e-con-boxed e-con e-parent\" data-id=\"5d76bcc\" data-element_type=\"container\" data-e-type=\"container\" data-settings=\"{&quot;_ha_eqh_enable&quot;:false}\">\n\t\t\t\t\t<div class=\"e-con-inner\">\n\t\t\t\t<div class=\"elementor-element elementor-element-216f30b elementor-headline--style-rotate elementor-widget elementor-widget-animated-headline\" data-id=\"216f30b\" data-element_type=\"widget\" data-e-type=\"widget\" data-settings=\"{&quot;headline_style&quot;:&quot;rotate&quot;,&quot;animation_type&quot;:&quot;blinds&quot;,&quot;rotating_text&quot;:&quot;Intellectual\\nIntellectual\\nIntellectual&quot;,&quot;loop&quot;:&quot;yes&quot;}\" data-widget_type=\"animated-headline.default\">\n\t\t\t\t<div class=\"elementor-widget-container\">\n\t\t\t\t\t\t\t<h3 class=\"elementor-headline elementor-headline-animation-type-blinds elementor-headline-letters\">\n\t\t\t\t\t<span class=\"elementor-headline-plain-text elementor-headline-text-wrapper\">Ownership rights <\/span>\n\t\t\t\t<span class=\"elementor-headline-dynamic-wrapper elementor-headline-text-wrapper\">\n\t\t\t\t\t<span class=\"elementor-headline-dynamic-text elementor-headline-text-active\">\n\t\t\t\tIntellectual\t\t\t<\/span>\n\t\t\t\t\t<span class=\"elementor-headline-dynamic-text\">\n\t\t\t\tIntellectual\t\t\t<\/span>\n\t\t\t\t\t<span class=\"elementor-headline-dynamic-text\">\n\t\t\t\tIntellectual\t\t\t<\/span>\n\t\t\t\t\t\t<\/span>\n\t\t\t\t<\/h3>\n\t\t\t\t\t\t<\/div>\n\t\t\t\t<\/div>\n\t\t\t\t<div class=\"elementor-element elementor-element-200a27c elementor-widget elementor-widget-text-editor\" data-id=\"200a27c\" data-element_type=\"widget\" data-e-type=\"widget\" data-widget_type=\"text-editor.default\">\n\t\t\t\t<div class=\"elementor-widget-container\">\n\t\t\t\t\t\t\t\t\t<p>The content of this website is legally protected. It is strictly forbidden to copy it, distribute it for commercial purposes or modify it without authorization. In addition, the creation of the website is based on the customer&#8217;s requirements. Tezdev is not responsible for the content and design of sites accessible via this site, nor for the collection and transmission of personal data, the installation of cookies or other similar processes carried out by these sites.<\/p>\n\t\t\t\t\t\t\t\t<\/div>\n\t\t\t\t<\/div>\n\t\t\t\t\t<\/div>\n\t\t\t\t<\/div>\n\t\t<div class=\"elementor-element elementor-element-bafe8ed e-flex e-con-boxed e-con e-parent\" data-id=\"bafe8ed\" data-element_type=\"container\" data-e-type=\"container\" data-settings=\"{&quot;_ha_eqh_enable&quot;:false}\">\n\t\t\t\t\t<div class=\"e-con-inner\">\n\t\t\t\t<div class=\"elementor-element elementor-element-3208f67 elementor-headline--style-rotate elementor-widget elementor-widget-animated-headline\" data-id=\"3208f67\" data-element_type=\"widget\" data-e-type=\"widget\" data-settings=\"{&quot;headline_style&quot;:&quot;rotate&quot;,&quot;animation_type&quot;:&quot;blinds&quot;,&quot;rotating_text&quot;:&quot;Cookies\\nCookies\\nCookies\\n&quot;,&quot;loop&quot;:&quot;yes&quot;}\" data-widget_type=\"animated-headline.default\">\n\t\t\t\t<div class=\"elementor-widget-container\">\n\t\t\t\t\t\t\t<h3 class=\"elementor-headline elementor-headline-animation-type-blinds elementor-headline-letters\">\n\t\t\t\t<span class=\"elementor-headline-dynamic-wrapper elementor-headline-text-wrapper\">\n\t\t\t\t\t<span class=\"elementor-headline-dynamic-text elementor-headline-text-active\">\n\t\t\t\tCookies\t\t\t<\/span>\n\t\t\t\t\t<span class=\"elementor-headline-dynamic-text\">\n\t\t\t\tCookies\t\t\t<\/span>\n\t\t\t\t\t<span class=\"elementor-headline-dynamic-text\">\n\t\t\t\tCookies\t\t\t<\/span>\n\t\t\t\t\t<span class=\"elementor-headline-dynamic-text\">\n\t\t\t\t\t\t\t<\/span>\n\t\t\t\t\t\t<\/span>\n\t\t\t\t<\/h3>\n\t\t\t\t\t\t<\/div>\n\t\t\t\t<\/div>\n\t\t\t\t<div class=\"elementor-element elementor-element-9f38006 elementor-widget elementor-widget-text-editor\" data-id=\"9f38006\" data-element_type=\"widget\" data-e-type=\"widget\" data-widget_type=\"text-editor.default\">\n\t\t\t\t<div class=\"elementor-widget-container\">\n\t\t\t\t\t\t\t\t\t<p>We use Google Analytics, a web analysis service provided by Google Inc., to analyze the use of our website. The information generated by the use of Google Analytics, including your IP address, is transmitted to and stored on a server in the United States. Google uses this information to create anonymous evaluations and graphs about visitors and pages viewed. This data is used for market research purposes and to improve the presentation of the site according to your needs.<\/p>\n\t\t\t\t\t\t\t\t<\/div>\n\t\t\t\t<\/div>\n\t\t\t\t\t<\/div>\n\t\t\t\t<\/div>\n\t\t<div class=\"elementor-element elementor-element-9cd8893 e-flex e-con-boxed e-con e-parent\" data-id=\"9cd8893\" data-element_type=\"container\" data-e-type=\"container\" data-settings=\"{&quot;_ha_eqh_enable&quot;:false}\">\n\t\t\t\t\t<div class=\"e-con-inner\">\n\t\t\t\t<div class=\"elementor-element elementor-element-36d6398 elementor-headline--style-rotate elementor-widget elementor-widget-animated-headline\" data-id=\"36d6398\" data-element_type=\"widget\" data-e-type=\"widget\" data-settings=\"{&quot;headline_style&quot;:&quot;rotate&quot;,&quot;animation_type&quot;:&quot;blinds&quot;,&quot;rotating_text&quot;:&quot;Hypertexts\\nHypertexts\\nHypertexts\\n&quot;,&quot;loop&quot;:&quot;yes&quot;}\" data-widget_type=\"animated-headline.default\">\n\t\t\t\t<div class=\"elementor-widget-container\">\n\t\t\t\t\t\t\t<h3 class=\"elementor-headline elementor-headline-animation-type-blinds elementor-headline-letters\">\n\t\t\t\t\t<span class=\"elementor-headline-plain-text elementor-headline-text-wrapper\">Links <\/span>\n\t\t\t\t<span class=\"elementor-headline-dynamic-wrapper elementor-headline-text-wrapper\">\n\t\t\t\t\t<span class=\"elementor-headline-dynamic-text elementor-headline-text-active\">\n\t\t\t\tHypertexts\t\t\t<\/span>\n\t\t\t\t\t<span class=\"elementor-headline-dynamic-text\">\n\t\t\t\tHypertexts\t\t\t<\/span>\n\t\t\t\t\t<span class=\"elementor-headline-dynamic-text\">\n\t\t\t\tHypertexts\t\t\t<\/span>\n\t\t\t\t\t<span class=\"elementor-headline-dynamic-text\">\n\t\t\t\t\t\t\t<\/span>\n\t\t\t\t\t\t<\/span>\n\t\t\t\t<\/h3>\n\t\t\t\t\t\t<\/div>\n\t\t\t\t<\/div>\n\t\t\t\t<div class=\"elementor-element elementor-element-1f4b8a9 elementor-widget elementor-widget-text-editor\" data-id=\"1f4b8a9\" data-element_type=\"widget\" data-e-type=\"widget\" data-widget_type=\"text-editor.default\">\n\t\t\t\t<div class=\"elementor-widget-container\">\n\t\t\t\t\t\t\t\t\t<p>This site gives access to other sites via hypertext links. It is important to note that we do not control the content of these sites nor their privacy policy. Before providing your personal information, please review their policies carefully.<\/p>\n\t\t\t\t\t\t\t\t<\/div>\n\t\t\t\t<\/div>\n\t\t\t\t\t<\/div>\n\t\t\t\t<\/div>\n\t\t<div class=\"elementor-element elementor-element-68574d9 e-flex e-con-boxed e-con e-parent\" data-id=\"68574d9\" data-element_type=\"container\" data-e-type=\"container\" data-settings=\"{&quot;_ha_eqh_enable&quot;:false}\">\n\t\t\t\t\t<div class=\"e-con-inner\">\n\t\t\t\t<div class=\"elementor-element elementor-element-de4a740 elementor-headline--style-rotate elementor-widget elementor-widget-animated-headline\" data-id=\"de4a740\" data-element_type=\"widget\" data-e-type=\"widget\" data-settings=\"{&quot;headline_style&quot;:&quot;rotate&quot;,&quot;animation_type&quot;:&quot;blinds&quot;,&quot;rotating_text&quot;:&quot;Court\\nCourt\\nCourt&quot;,&quot;loop&quot;:&quot;yes&quot;}\" data-widget_type=\"animated-headline.default\">\n\t\t\t\t<div class=\"elementor-widget-container\">\n\t\t\t\t\t\t\t<h3 class=\"elementor-headline elementor-headline-animation-type-blinds elementor-headline-letters\">\n\t\t\t\t\t<span class=\"elementor-headline-plain-text elementor-headline-text-wrapper\">Applicable Law and Jurisdiction <\/span>\n\t\t\t\t<span class=\"elementor-headline-dynamic-wrapper elementor-headline-text-wrapper\">\n\t\t\t\t\t<span class=\"elementor-headline-dynamic-text elementor-headline-text-active\">\n\t\t\t\tCourt\t\t\t<\/span>\n\t\t\t\t\t<span class=\"elementor-headline-dynamic-text\">\n\t\t\t\tCourt\t\t\t<\/span>\n\t\t\t\t\t<span class=\"elementor-headline-dynamic-text\">\n\t\t\t\tCourt\t\t\t<\/span>\n\t\t\t\t\t\t<\/span>\n\t\t\t\t<\/h3>\n\t\t\t\t\t\t<\/div>\n\t\t\t\t<\/div>\n\t\t\t\t<div class=\"elementor-element elementor-element-5d3a9bd elementor-widget elementor-widget-text-editor\" data-id=\"5d3a9bd\" data-element_type=\"widget\" data-e-type=\"widget\" data-widget_type=\"text-editor.default\">\n\t\t\t\t<div class=\"elementor-widget-container\">\n\t\t\t\t\t\t\t\t\t<p>The Conditions are governed by French law. Any dispute as to their validity, interpretation or execution will be subject to the jurisdiction of the competent French courts.<\/p>\n<div class=\"group w-full text-gray-800 dark:text-gray-100 border-b border-black\/10 dark:border-gray-900\/50 bg-gray-50 dark:bg-[#444654]\">\n<div class=\"flex p-4 gap-4 text-base md:gap-6 md:max-w-2xl lg:max-w-[38rem] xl:max-w-3xl md:py-6 lg:px-0 m-auto\">\n<div class=\"relative flex w-[calc(100%-50px)] flex-col gap-1 md:gap-3 lg:w-[calc(100%-115px)]\">\n<div class=\"flex flex-grow flex-col gap-3\">\n<div class=\"min-h-[20px] flex flex-col items-start gap-4 whitespace-pre-wrap break-words\">\n<div class=\"markdown prose w-full break-words dark:prose-invert light\">\n<p>In compliance with this policy, transfers to third-party subcontractors, within or outside the European Union, guarantee data protection.<\/p>\n<\/div>\n<\/div>\n<\/div>\n<\/div>\n<\/div>\n<\/div>\n\t\t\t\t\t\t\t\t<\/div>\n\t\t\t\t<\/div>\n\t\t\t\t\t<\/div>\n\t\t\t\t<\/div>\n\t\t<div class=\"elementor-element elementor-element-d8e9a7a e-flex e-con-boxed e-con e-parent\" data-id=\"d8e9a7a\" data-element_type=\"container\" data-e-type=\"container\" data-settings=\"{&quot;_ha_eqh_enable&quot;:false}\">\n\t\t\t\t\t<div class=\"e-con-inner\">\n\t\t\t\t<div class=\"elementor-element elementor-element-acb9d9b elementor-headline--style-rotate elementor-widget elementor-widget-animated-headline\" data-id=\"acb9d9b\" data-element_type=\"widget\" data-e-type=\"widget\" data-settings=\"{&quot;headline_style&quot;:&quot;rotate&quot;,&quot;animation_type&quot;:&quot;blinds&quot;,&quot;rotating_text&quot;:&quot;Declaration\\nDeclaration\\nDeclaration\\n&quot;,&quot;loop&quot;:&quot;yes&quot;}\" data-widget_type=\"animated-headline.default\">\n\t\t\t\t<div class=\"elementor-widget-container\">\n\t\t\t\t\t\t\t<h3 class=\"elementor-headline elementor-headline-animation-type-blinds elementor-headline-letters\">\n\t\t\t\t<span class=\"elementor-headline-dynamic-wrapper elementor-headline-text-wrapper\">\n\t\t\t\t\t<span class=\"elementor-headline-dynamic-text elementor-headline-text-active\">\n\t\t\t\tDeclaration\t\t\t<\/span>\n\t\t\t\t\t<span class=\"elementor-headline-dynamic-text\">\n\t\t\t\tDeclaration\t\t\t<\/span>\n\t\t\t\t\t<span class=\"elementor-headline-dynamic-text\">\n\t\t\t\tDeclaration\t\t\t<\/span>\n\t\t\t\t\t<span class=\"elementor-headline-dynamic-text\">\n\t\t\t\t\t\t\t<\/span>\n\t\t\t\t\t\t<\/span>\n\t\t\t\t<\/h3>\n\t\t\t\t\t\t<\/div>\n\t\t\t\t<\/div>\n\t\t\t\t<div class=\"elementor-element elementor-element-afdf05c elementor-widget elementor-widget-text-editor\" data-id=\"afdf05c\" data-element_type=\"widget\" data-e-type=\"widget\" data-widget_type=\"text-editor.default\">\n\t\t\t\t<div class=\"elementor-widget-container\">\n\t\t\t\t\t\t\t\t\t<p>This site has been declared to the CNIL in accordance with current regulations. Your personal data is protected in accordance with current legislation. For more information, please consult our privacy policy.<\/p>\n\t\t\t\t\t\t\t\t<\/div>\n\t\t\t\t<\/div>\n\t\t\t\t\t<\/div>\n\t\t\t\t<\/div>\n\t\t\t\t<\/div>\n\t\t","protected":false},"excerpt":{"rendered":"<p>Terms &amp; Conditions Hosting Hosting Hosting Welcome to the Edelweisstraveldesigners website! In this article, we will provide you with important information about our services, policies and hosting. As a leading provider of web hosting and development solutions, TEZDEV guarantees secure hosting of your site on our server at FASTCOMET INC. We also pride ourselves on [&hellip;]<\/p>\n","protected":false},"author":1,"featured_media":0,"parent":0,"menu_order":0,"comment_status":"closed","ping_status":"open","template":"","meta":{"footnotes":""},"class_list":["post-8611","page","type-page","status-publish","hentry","entry"],"yoast_head":"<!-- This site is optimized with the Yoast SEO plugin v26.9 - https:\/\/yoast.com\/product\/yoast-seo-wordpress\/ -->\n<title>Terms &amp; Conditions - Edelweiss Travel Designers<\/title>\n<meta name=\"robots\" content=\"index, follow, max-snippet:-1, max-image-preview:large, max-video-preview:-1\" \/>\n<link rel=\"canonical\" href=\"https:\/\/edelweisstraveldesigners.ch\/en\/terms-conditions\/\" \/>\n<meta property=\"og:locale\" content=\"en_US\" \/>\n<meta property=\"og:type\" content=\"article\" \/>\n<meta property=\"og:title\" content=\"Terms &amp; Conditions - Edelweiss Travel Designers\" \/>\n<meta property=\"og:description\" content=\"Terms &amp; Conditions Hosting Hosting Hosting Welcome to the Edelweisstraveldesigners website! In this article, we will provide you with important information about our services, policies and hosting. As a leading provider of web hosting and development solutions, TEZDEV guarantees secure hosting of your site on our server at FASTCOMET INC. We also pride ourselves on [&hellip;]\" \/>\n<meta property=\"og:url\" content=\"https:\/\/edelweisstraveldesigners.ch\/en\/terms-conditions\/\" \/>\n<meta property=\"og:site_name\" content=\"Edelweiss Travel Designers\" \/>\n<meta property=\"article:publisher\" content=\"https:\/\/www.facebook.com\/profile.php?id=61560251574590\" \/>\n<meta property=\"article:modified_time\" content=\"2024-05-27T14:04:20+00:00\" \/>\n<meta name=\"twitter:card\" content=\"summary_large_image\" \/>\n<meta name=\"twitter:label1\" content=\"Est. reading time\" \/>\n\t<meta name=\"twitter:data1\" content=\"2 minutes\" \/>\n<script type=\"application\/ld+json\" class=\"yoast-schema-graph\">{\"@context\":\"https:\/\/schema.org\",\"@graph\":[{\"@type\":\"WebPage\",\"@id\":\"https:\/\/edelweisstraveldesigners.ch\/en\/terms-conditions\/\",\"url\":\"https:\/\/edelweisstraveldesigners.ch\/en\/terms-conditions\/\",\"name\":\"Terms &amp; Conditions - Edelweiss Travel Designers\",\"isPartOf\":{\"@id\":\"https:\/\/edelweisstraveldesigners.ch\/en\/#website\"},\"datePublished\":\"2024-03-11T14:52:14+00:00\",\"dateModified\":\"2024-05-27T14:04:20+00:00\",\"breadcrumb\":{\"@id\":\"https:\/\/edelweisstraveldesigners.ch\/en\/terms-conditions\/#breadcrumb\"},\"inLanguage\":\"en-US\",\"potentialAction\":[{\"@type\":\"ReadAction\",\"target\":[\"https:\/\/edelweisstraveldesigners.ch\/en\/terms-conditions\/\"]}]},{\"@type\":\"BreadcrumbList\",\"@id\":\"https:\/\/edelweisstraveldesigners.ch\/en\/terms-conditions\/#breadcrumb\",\"itemListElement\":[{\"@type\":\"ListItem\",\"position\":1,\"name\":\"Accueil\",\"item\":\"https:\/\/edelweisstraveldesigners.ch\/en\/\"},{\"@type\":\"ListItem\",\"position\":2,\"name\":\"Terms &amp; Conditions\"}]},{\"@type\":\"WebSite\",\"@id\":\"https:\/\/edelweisstraveldesigners.ch\/en\/#website\",\"url\":\"https:\/\/edelweisstraveldesigners.ch\/en\/\",\"name\":\"Edelweiss Travel Designers\",\"description\":\"\",\"publisher\":{\"@id\":\"https:\/\/edelweisstraveldesigners.ch\/en\/#organization\"},\"potentialAction\":[{\"@type\":\"SearchAction\",\"target\":{\"@type\":\"EntryPoint\",\"urlTemplate\":\"https:\/\/edelweisstraveldesigners.ch\/en\/?s={search_term_string}\"},\"query-input\":{\"@type\":\"PropertyValueSpecification\",\"valueRequired\":true,\"valueName\":\"search_term_string\"}}],\"inLanguage\":\"en-US\"},{\"@type\":\"Organization\",\"@id\":\"https:\/\/edelweisstraveldesigners.ch\/en\/#organization\",\"name\":\"Edelweiss Travel Designers\",\"url\":\"https:\/\/edelweisstraveldesigners.ch\/en\/\",\"logo\":{\"@type\":\"ImageObject\",\"inLanguage\":\"en-US\",\"@id\":\"https:\/\/edelweisstraveldesigners.ch\/en\/#\/schema\/logo\/image\/\",\"url\":\"https:\/\/edelweisstraveldesigners.ch\/wp-content\/uploads\/2024\/05\/logo-icon.png\",\"contentUrl\":\"https:\/\/edelweisstraveldesigners.ch\/wp-content\/uploads\/2024\/05\/logo-icon.png\",\"width\":1500,\"height\":1500,\"caption\":\"Edelweiss Travel Designers\"},\"image\":{\"@id\":\"https:\/\/edelweisstraveldesigners.ch\/en\/#\/schema\/logo\/image\/\"},\"sameAs\":[\"https:\/\/www.facebook.com\/profile.php?id=61560251574590\"]}]}<\/script>\n<!-- \/ Yoast SEO plugin. -->","yoast_head_json":{"title":"Terms &amp; Conditions - Edelweiss Travel Designers","robots":{"index":"index","follow":"follow","max-snippet":"max-snippet:-1","max-image-preview":"max-image-preview:large","max-video-preview":"max-video-preview:-1"},"canonical":"https:\/\/edelweisstraveldesigners.ch\/en\/terms-conditions\/","og_locale":"en_US","og_type":"article","og_title":"Terms &amp; Conditions - Edelweiss Travel Designers","og_description":"Terms &amp; Conditions Hosting Hosting Hosting Welcome to the Edelweisstraveldesigners website! In this article, we will provide you with important information about our services, policies and hosting. As a leading provider of web hosting and development solutions, TEZDEV guarantees secure hosting of your site on our server at FASTCOMET INC. We also pride ourselves on [&hellip;]","og_url":"https:\/\/edelweisstraveldesigners.ch\/en\/terms-conditions\/","og_site_name":"Edelweiss Travel Designers","article_publisher":"https:\/\/www.facebook.com\/profile.php?id=61560251574590","article_modified_time":"2024-05-27T14:04:20+00:00","twitter_card":"summary_large_image","twitter_misc":{"Est. reading time":"2 minutes"},"schema":{"@context":"https:\/\/schema.org","@graph":[{"@type":"WebPage","@id":"https:\/\/edelweisstraveldesigners.ch\/en\/terms-conditions\/","url":"https:\/\/edelweisstraveldesigners.ch\/en\/terms-conditions\/","name":"Terms &amp; Conditions - Edelweiss Travel Designers","isPartOf":{"@id":"https:\/\/edelweisstraveldesigners.ch\/en\/#website"},"datePublished":"2024-03-11T14:52:14+00:00","dateModified":"2024-05-27T14:04:20+00:00","breadcrumb":{"@id":"https:\/\/edelweisstraveldesigners.ch\/en\/terms-conditions\/#breadcrumb"},"inLanguage":"en-US","potentialAction":[{"@type":"ReadAction","target":["https:\/\/edelweisstraveldesigners.ch\/en\/terms-conditions\/"]}]},{"@type":"BreadcrumbList","@id":"https:\/\/edelweisstraveldesigners.ch\/en\/terms-conditions\/#breadcrumb","itemListElement":[{"@type":"ListItem","position":1,"name":"Accueil","item":"https:\/\/edelweisstraveldesigners.ch\/en\/"},{"@type":"ListItem","position":2,"name":"Terms &amp; Conditions"}]},{"@type":"WebSite","@id":"https:\/\/edelweisstraveldesigners.ch\/en\/#website","url":"https:\/\/edelweisstraveldesigners.ch\/en\/","name":"Edelweiss Travel Designers","description":"","publisher":{"@id":"https:\/\/edelweisstraveldesigners.ch\/en\/#organization"},"potentialAction":[{"@type":"SearchAction","target":{"@type":"EntryPoint","urlTemplate":"https:\/\/edelweisstraveldesigners.ch\/en\/?s={search_term_string}"},"query-input":{"@type":"PropertyValueSpecification","valueRequired":true,"valueName":"search_term_string"}}],"inLanguage":"en-US"},{"@type":"Organization","@id":"https:\/\/edelweisstraveldesigners.ch\/en\/#organization","name":"Edelweiss Travel Designers","url":"https:\/\/edelweisstraveldesigners.ch\/en\/","logo":{"@type":"ImageObject","inLanguage":"en-US","@id":"https:\/\/edelweisstraveldesigners.ch\/en\/#\/schema\/logo\/image\/","url":"https:\/\/edelweisstraveldesigners.ch\/wp-content\/uploads\/2024\/05\/logo-icon.png","contentUrl":"https:\/\/edelweisstraveldesigners.ch\/wp-content\/uploads\/2024\/05\/logo-icon.png","width":1500,"height":1500,"caption":"Edelweiss Travel Designers"},"image":{"@id":"https:\/\/edelweisstraveldesigners.ch\/en\/#\/schema\/logo\/image\/"},"sameAs":["https:\/\/www.facebook.com\/profile.php?id=61560251574590"]}]}},"_links":{"self":[{"href":"https:\/\/edelweisstraveldesigners.ch\/en\/wp-json\/wp\/v2\/pages\/8611","targetHints":{"allow":["GET"]}}],"collection":[{"href":"https:\/\/edelweisstraveldesigners.ch\/en\/wp-json\/wp\/v2\/pages"}],"about":[{"href":"https:\/\/edelweisstraveldesigners.ch\/en\/wp-json\/wp\/v2\/types\/page"}],"author":[{"embeddable":true,"href":"https:\/\/edelweisstraveldesigners.ch\/en\/wp-json\/wp\/v2\/users\/1"}],"replies":[{"embeddable":true,"href":"https:\/\/edelweisstraveldesigners.ch\/en\/wp-json\/wp\/v2\/comments?post=8611"}],"version-history":[{"count":6,"href":"https:\/\/edelweisstraveldesigners.ch\/en\/wp-json\/wp\/v2\/pages\/8611\/revisions"}],"predecessor-version":[{"id":11973,"href":"https:\/\/edelweisstraveldesigners.ch\/en\/wp-json\/wp\/v2\/pages\/8611\/revisions\/11973"}],"wp:attachment":[{"href":"https:\/\/edelweisstraveldesigners.ch\/en\/wp-json\/wp\/v2\/media?parent=8611"}],"curies":[{"name":"wp","href":"https:\/\/api.w.org\/{rel}","templated":true}]}}